{"id":30750,"date":"2021-06-29T05:35:50","date_gmt":"2021-06-29T09:35:50","guid":{"rendered":"https:\/\/moissonsudouest.org\/?page_id=30750"},"modified":"2026-04-08T11:02:58","modified_gmt":"2026-04-08T15:02:58","slug":"a-propos","status":"publish","type":"page","link":"https:\/\/moissonsudouest.org\/en\/a-propos\/","title":{"rendered":"About us"},"content":{"rendered":"\n<h2 class=\"wp-block-heading\" id=\"historique\">HISTORY<\/h2>\n\n<div style=\"height:30px\" aria-hidden=\"true\" class=\"wp-block-spacer\"><\/div>\n\n<p>Moisson Sud-Ouest (MSO), la banque alimentaire du Suro\u00eet, entreprend ses activit\u00e9s en 1989. Cinq citoyens membres de la Table de Concertation de la Pauvret\u00e9 de Valleyfield s\u2019\u00e9taient alors r\u00e9unis dans le but de faire un geste concret en r\u00e9ponse aux probl\u00e8mes grandissants d\u2019appauvrissement de la population du sud-ouest du Qu\u00e9bec.<\/p>\n\n<p>Aujourd\u2019hui, Moisson Sud-Ouest, la banque alimentaire du Suro\u00eet, r\u00e9pond aux besoins des personnes en situation d\u2019ins\u00e9curit\u00e9 alimentaire dans les MRC de Beauharnois-Salaberry, de Vaudreuil-Soulanges et du Haut-Saint-Laurent.<\/p>\n\n<p>Moisson Sud-Ouest est fi\u00e8rement membre des r\u00e9seaux de <a href=\"https:\/\/banquesalimentaires.org\/\" target=\"_blank\" rel=\"noreferrer noopener\">Banques alimentaires du Qu\u00e9bec<\/a> et de <a href=\"https:\/\/foodbankscanada.ca\/fr\/\" target=\"_blank\" rel=\"noreferrer noopener\">Banques alimentaires Canada<\/a>, garantissant des pratiques exemplaires et un soutien constant \u00e0 la communaut\u00e9. Acteur cl\u00e9 du milieu communautaire, elle si\u00e8ge sur plusieurs comit\u00e9s et tables de concertation pour mieux r\u00e9pondre aux besoins locaux. Gr\u00e2ce \u00e0 son engagement, plus de 80 organismes de la r\u00e9gion re\u00e7oivent gratuitement des denr\u00e9es pour r\u00e9aliser leurs projets, assurant ainsi des milliers de repas \u00e0 ceux qui en ont le plus besoin.<\/p>\n\n<div style=\"height:25px\" aria-hidden=\"true\" class=\"wp-block-spacer\"><\/div>\n\n<h2 class=\"wp-block-heading\" id=\"mission\">MISSION<\/h2>\n\n<div style=\"height:30px\" aria-hidden=\"true\" class=\"wp-block-spacer\"><\/div>\n\n<p>Dans un contexte social o\u00f9 des individus et des familles ne mangent pas quotidiennement \u00e0 leur faim, Moisson Sud-Ouest a pour mission de r\u00e9cup\u00e9rer des denr\u00e9es alimentaires chez plusieurs fournisseurs et de les distribuer quotidiennement aux organismes accr\u00e9dit\u00e9s, afin que ces derniers soulagent la faim de la population vuln\u00e9rable de la r\u00e9gion desservie.<\/p>\n\n<div style=\"height:25px\" aria-hidden=\"true\" class=\"wp-block-spacer\"><\/div>\n\n<blockquote class=\"wp-block-quote is-style-default is-layout-flow wp-block-quote-is-layout-flow\">\n<p><em>\u00ab Moisson Sud-Ouest r\u00e9cup\u00e8re les denr\u00e9es alimentaires et les redistribue quotidiennement \u00e0 plus de 80 organismes accr\u00e9dit\u00e9s afin qu\u2019ils puissent soulager la faim. \u00bb<\/em><\/p>\n<\/blockquote>\n\n<div style=\"height:25px\" aria-hidden=\"true\" class=\"wp-block-spacer\"><\/div>\n\n<h2 class=\"wp-block-heading\">OUR VISION<\/h2>\n\n<div style=\"height:30px\" aria-hidden=\"true\" class=\"wp-block-spacer\"><\/div>\n\n<p>Moisson Sud-Ouest aspire \u00e0 b\u00e2tir un avenir o\u00f9 personne ne souffre de la faim. Guid\u00e9e par des valeurs d\u2019\u00e9quit\u00e9 et d\u2019int\u00e9grit\u00e9, l\u2019organisation agit avec transparence et rigueur pour soutenir durablement la s\u00e9curit\u00e9 alimentaire de la r\u00e9gion. Par la coop\u00e9ration avec ses partenaires et en valorisant l\u2019innovation, Moisson Sud-Ouest se positionne comme un catalyseur de solidarit\u00e9, multipliant les efforts pour que chaque individu ait acc\u00e8s \u00e0 des ressources essentielles et puisse envisager l\u2019avenir avec dignit\u00e9 et espoir.<\/p>\n\n<div style=\"height:50px\" aria-hidden=\"true\" class=\"wp-block-spacer\"><\/div>\n\n<div id=\"conseil\" class=\"wp-block-getwid-section alignfull getwid-margin-top-none getwid-margin-bottom-none getwid-margin-tablet-top-none getwid-margin-tablet-bottom-none getwid-margin-mobile-top-none getwid-margin-mobile-bottom-none getwid-section-content-custom-width\"><div class=\"wp-block-getwid-section__wrapper getwid-padding-left-medium getwid-padding-right-medium getwid-margin-left-none getwid-margin-right-none getwid-margin-tablet-left-none getwid-margin-tablet-right-none getwid-margin-mobile-left-none getwid-margin-mobile-right-none\" style=\"min-height:70vh;padding-top:90px;padding-bottom:80px\"><div class=\"wp-block-getwid-section__inner-wrapper\" style=\"max-width:1140px\"><div class=\"wp-block-getwid-section__background-holder\"><div class=\"wp-block-getwid-section__background\" style=\"background-image:url('https:\/\/moissonsudouest.org\/wp-content\/uploads\/fond-equipe-blanc-1.png');background-repeat:repeat;background-size:auto\"><div class=\"wp-block-getwid-section__background-image-wrapper\"><img decoding=\"async\" class=\"wp-block-getwid-section__background-image\" src=\"https:\/\/moissonsudouest.org\/wp-content\/uploads\/fond-equipe-blanc-1.png\" alt=\"\"\/><\/div><\/div><div class=\"wp-block-getwid-section__foreground\" style=\"opacity:0;background-color:#000000\"><\/div><\/div><div class=\"wp-block-getwid-section__content\"><div class=\"wp-block-getwid-section__inner-content\">\n<div class=\"wp-block-getwid-advanced-heading\" id=\"conseil\"><h3 class=\"wp-block-getwid-advanced-heading__content has-text-color\" style=\"text-align:center;color:#cc2229\">CONSEIL D\u2019ADMINISTRATION<\/h3><\/div>\n\n\n\n<hr class=\"wp-block-separator has-text-color has-css-opacity has-background is-style-wide\" style=\"background-color:#d6d6d6;color:#d6d6d6\"\/>\n\n\n\n<div class=\"wp-block-columns is-layout-flex wp-container-core-columns-is-layout-9d6595d7 wp-block-columns-is-layout-flex\">\n<div class=\"wp-block-column is-layout-flow wp-block-column-is-layout-flow\" style=\"flex-basis:100%\">\n<div style=\"height:50px\" aria-hidden=\"true\" class=\"wp-block-spacer\"><\/div>\n\n\n\n<div class=\"wp-block-columns is-layout-flex wp-container-core-columns-is-layout-9d6595d7 wp-block-columns-is-layout-flex\">\n<div class=\"wp-block-column is-layout-flow wp-block-column-is-layout-flow\">\n<h6 class=\"wp-block-heading has-text-color\" style=\"color:#cc2229\">PR\u00c9SIDENT<\/h6>\n\n\n\n<p><strong><strong>ALEXANDRE FAUBERT<\/strong><\/strong><br\/>M.Sc., Courtier en assurances de dommage<\/p>\n<\/div>\n\n\n\n<div class=\"wp-block-column is-layout-flow wp-block-column-is-layout-flow\">\n<h6 class=\"wp-block-heading has-text-color\" style=\"color:#cc2229\">VICE-PR\u00c9SIDENT<\/h6>\n\n\n\n<p><strong>BASTIEN L\u00c9VESQUE<br\/><\/strong>Avocat, Rancourt Legault Joncas, s.e.n.c.<\/p>\n<\/div>\n\n\n\n<div class=\"wp-block-column is-layout-flow wp-block-column-is-layout-flow\">\n<h6 class=\"wp-block-heading has-text-color\" style=\"color:#cc2229\">SECRETARY<\/h6>\n\n\n\n<p><strong>MARJORIE CADIEUX<\/strong><br\/>Coordonnatrice au d\u00e9veloppement de l&#8217;expertise<br\/>Valeurs mobili\u00e8res, Desjardins<\/p>\n<\/div>\n\n\n\n<div class=\"wp-block-column is-layout-flow wp-block-column-is-layout-flow\">\n<h6 class=\"wp-block-heading has-text-color\" style=\"color:#cc2229\">TREASURER<\/h6>\n\n\n\n<p><strong><strong>MARC-MICHEL ANGRIGNON<\/strong><br\/><\/strong>Courtier en assurances de dommage des entreprises<\/p>\n<\/div>\n<\/div>\n\n\n\n<div style=\"height:50px\" aria-hidden=\"true\" class=\"wp-block-spacer\"><\/div>\n\n\n\n<h4 class=\"wp-block-heading has-text-align-center has-text-color\" style=\"color:#cc2229\">ADMINISTRATORS<\/h4>\n\n\n\n<div style=\"height:50px\" aria-hidden=\"true\" class=\"wp-block-spacer\"><\/div>\n\n\n\n<div class=\"wp-block-columns is-layout-flex wp-container-core-columns-is-layout-9d6595d7 wp-block-columns-is-layout-flex\">\n<div class=\"wp-block-column is-layout-flow wp-block-column-is-layout-flow\">\n<p><strong>PATRICK DESAULNIERS<\/strong> Directeur, protection du r\u00e9seau (s\u00fbret\u00e9), exo<\/p>\n\n\n\n<div style=\"height:30px\" aria-hidden=\"true\" class=\"wp-block-spacer\"><\/div>\n\n\n\n<p><strong>JONATHAN ROY<\/strong>   <br\/>Vice-pr\u00e9sident op\u00e9rations, Associ\u00e9 Pierre Roy &amp; Associ\u00e9<\/p>\n<\/div>\n\n\n\n<div class=\"wp-block-column is-layout-flow wp-block-column-is-layout-flow\">\n<p><strong>DENIS LAPOINTE<\/strong><br\/>Ing\u00e9nieur sp\u00e9cialis\u00e9 en environnement \u2013 retrait\u00e9<\/p>\n\n\n\n<div style=\"height:30px\" aria-hidden=\"true\" class=\"wp-block-spacer\"><\/div>\n\n\n\n<p><strong>CORINNE BONJOUR<\/strong><br\/>Chef, ressources humaines, CEZinc<\/p>\n<\/div>\n\n\n\n<div class=\"wp-block-column is-layout-flow wp-block-column-is-layout-flow\">\n<p><strong><strong><strong>DENIS RICHER<\/strong><\/strong><\/strong><br\/>Club Richelieu de Salaberry-de-Valleyfield<\/p>\n\n\n\n<div style=\"height:30px\" aria-hidden=\"true\" class=\"wp-block-spacer\"><\/div>\n\n\n\n<p><strong>MARILOU CARRIER<\/strong><br\/>Directrice g\u00e9n\u00e9rale<br\/>MHDV<\/p>\n<\/div>\n\n\n\n<div class=\"wp-block-column is-layout-flow wp-block-column-is-layout-flow\">\n<p><strong>C\u00c9DRIC L\u00c9VESQUE<\/strong><br\/>Courtier hypoth\u00e9caire commercial<\/p>\n<\/div>\n<\/div>\n\n\n\n<div style=\"height:50px\" aria-hidden=\"true\" class=\"wp-block-spacer\"><\/div>\n<\/div>\n<\/div>\n<\/div><\/div><\/div><\/div><\/div>\n\n<div id=\"equipe\" class=\"wp-block-getwid-section alignfull getwid-margin-top-none getwid-margin-bottom-none getwid-margin-tablet-top-none getwid-margin-tablet-bottom-none getwid-margin-mobile-top-none getwid-margin-mobile-bottom-none getwid-section-content-custom-width\"><div class=\"wp-block-getwid-section__wrapper getwid-padding-left-medium getwid-padding-right-medium getwid-margin-left-none getwid-margin-right-none getwid-margin-tablet-left-none getwid-margin-tablet-right-none getwid-margin-mobile-left-none getwid-margin-mobile-right-none\" style=\"min-height:70vh;padding-top:80px;padding-bottom:80px\"><div class=\"wp-block-getwid-section__inner-wrapper\" style=\"max-width:1140px\"><div class=\"wp-block-getwid-section__background-holder\"><div class=\"wp-block-getwid-section__background\" style=\"background-image:url('https:\/\/moissonsudouest.org\/wp-content\/uploads\/employer-bg-scaled.jpeg')\"><div class=\"wp-block-getwid-section__background-image-wrapper\"><img decoding=\"async\" class=\"wp-block-getwid-section__background-image\" src=\"https:\/\/moissonsudouest.org\/wp-content\/uploads\/employer-bg-scaled.jpeg\" alt=\"\"\/><\/div><\/div><div class=\"wp-block-getwid-section__foreground\" style=\"opacity:0;background-color:#000000\"><\/div><\/div><div class=\"wp-block-getwid-section__content\"><div class=\"wp-block-getwid-section__inner-content\">\n<div class=\"wp-block-getwid-advanced-heading\"><h3 class=\"wp-block-getwid-advanced-heading__content has-text-color\" style=\"text-align:center;color:#cc2229\">NOTRE \u00c9QUIPE ADMINISTRATIVE<\/h3><\/div>\n\n\n\n<div style=\"height:25px\" aria-hidden=\"true\" class=\"wp-block-spacer\"><\/div>\n\n\n\n<div class=\"wp-block-columns has-2-columns is-layout-flex wp-container-core-columns-is-layout-9d6595d7 wp-block-columns-is-layout-flex\">\n<div class=\"wp-block-column is-layout-flow wp-block-column-is-layout-flow\">\n<p class=\"box-bg\"><strong>ANICK TANGUAY<\/strong><br\/>Directrice g\u00e9n\u00e9rale<br\/><a href=\"mailto:dg@moissonsudouest.org\">dg@moissonsudouest.org<\/a><\/p>\n\n\n\n<p class=\"box-bg\"><strong><strong>YAN OUELLETTE<\/strong><\/strong><br\/>Directeur communications et philanthropie<br\/><a href=\"mailto:ddp@moissonsudouest.org\">ddp@moissonsudouest.org<\/a><\/p>\n\n\n\n<p class=\"box-bg\"><strong>JEAN-PIERRE S\u00c9GUIN<\/strong><br\/>Superviseur d&#8217;entrep\u00f4t<br\/><a href=\"mailto:ddp@moissonsudouest.org\">entrepot@moissonsudouest.org<\/a><\/p>\n<\/div>\n\n\n\n<div class=\"wp-block-column is-layout-flow wp-block-column-is-layout-flow\">\n<p class=\"box-bg\"><strong>MARJOLAINE LACROIX<\/strong><br\/>Coordonnatrice en relation avec le milieu<br\/><a href=\"mailto:crm@moissonsudouest.org\">crm@moissonsudouest.org<\/a><\/p>\n\n\n\n<p class=\"box-bg\"><strong>MARIE-MICH\u00c8LE MASSEY<\/strong><br\/>Coordonnatrice communications et \u00e9v\u00e9nements<br\/><a href=\"mailto:cce@moissonsudouest.org\"><\/a><a href=\"mailto:ddp@moissonsudouest.org\">cce@moissonsudouest.org<\/a><\/p>\n\n\n\n<p class=\"box-bg\"><strong>DIANE ROULEAU<\/strong><br\/>G\u00e9rante de magasin <br\/><a href=\"mailto:gerant@ohangar.ca\">gerant@ohangar.ca<\/a><\/p>\n<\/div>\n<\/div>\n\n\n\n<div style=\"height:25px\" aria-hidden=\"true\" class=\"wp-block-spacer\"><\/div>\n<\/div><\/div><\/div><\/div><\/div>\n\n<div style=\"height:50px\" aria-hidden=\"true\" class=\"wp-block-spacer\"><\/div>\n\n<h4 class=\"wp-block-heading has-text-align-center\">UN \u00c9NORME MERCI \u00c0 NOTRE PERSONNEL D&#8217;ENTREP\u00d4T QUI ASSURE LA DISTRIBUTION EFFICACE DES DENR\u00c9ES \u00c0 NOS ORGANISMES ACCR\u00c9DIT\u00c9S<\/h4>\n\n<div style=\"height:50px\" aria-hidden=\"true\" class=\"wp-block-spacer\"><\/div>\n\n<p><\/p>\n","protected":false},"excerpt":{"rendered":"<p>HISTORY Moisson Sud-Ouest (MSO), la banque alimentaire du Suro\u00eet, entreprend ses activit\u00e9s en 1989. Cinq citoyens membres de la Table de Concertation de la Pauvret\u00e9 de Valleyfield s\u2019\u00e9taient alors r\u00e9unis dans le but de faire un geste concret en r\u00e9ponse aux probl\u00e8mes grandissants d\u2019appauvrissement de la population du sud-ouest du Qu\u00e9bec. Aujourd\u2019hui, Moisson Sud-Ouest, la&hellip;<\/p>\n","protected":false},"author":1,"featured_media":0,"parent":0,"menu_order":0,"comment_status":"closed","ping_status":"closed","template":"","meta":{"footnotes":""},"class_list":["post-30750","page","type-page","status-publish","hentry","description-off"],"yoast_head":"<!-- This site is optimized with the Yoast SEO plugin v26.1.1 - https:\/\/yoast.com\/wordpress\/plugins\/seo\/ -->\n<title>About us - Moisson Sud-Ouest<\/title>\n<meta name=\"robots\" content=\"index, follow, max-snippet:-1, max-image-preview:large, max-video-preview:-1\" \/>\n<link rel=\"canonical\" href=\"https:\/\/moissonsudouest.org\/en\/a-propos\/\" \/>\n<meta property=\"og:locale\" content=\"en_US\" \/>\n<meta property=\"og:type\" content=\"article\" \/>\n<meta property=\"og:title\" content=\"About us - Moisson Sud-Ouest\" \/>\n<meta property=\"og:description\" content=\"HISTORY Moisson Sud-Ouest (MSO), la banque alimentaire du Suro\u00eet, entreprend ses activit\u00e9s en 1989. Cinq citoyens membres de la Table de Concertation de la Pauvret\u00e9 de Valleyfield s\u2019\u00e9taient alors r\u00e9unis dans le but de faire un geste concret en r\u00e9ponse aux probl\u00e8mes grandissants d\u2019appauvrissement de la population du sud-ouest du Qu\u00e9bec. Aujourd\u2019hui, Moisson Sud-Ouest, la&hellip;\" \/>\n<meta property=\"og:url\" content=\"https:\/\/moissonsudouest.org\/en\/a-propos\/\" \/>\n<meta property=\"og:site_name\" content=\"Moisson Sud-Ouest\" \/>\n<meta property=\"article:modified_time\" content=\"2026-04-08T15:02:58+00:00\" \/>\n<meta property=\"og:image\" content=\"https:\/\/moissonsudouest.org\/wp-content\/uploads\/fond-equipe-blanc-1.png\" \/>\n<meta name=\"twitter:card\" content=\"summary_large_image\" \/>\n<meta name=\"twitter:label1\" content=\"Est. reading time\" \/>\n\t<meta name=\"twitter:data1\" content=\"3 minutes\" \/>\n<script type=\"application\/ld+json\" class=\"yoast-schema-graph\">{\"@context\":\"https:\/\/schema.org\",\"@graph\":[{\"@type\":\"WebPage\",\"@id\":\"https:\/\/moissonsudouest.org\/en\/a-propos\/\",\"url\":\"https:\/\/moissonsudouest.org\/en\/a-propos\/\",\"name\":\"About us - Moisson Sud-Ouest\",\"isPartOf\":{\"@id\":\"https:\/\/moissonsudouest.org\/#website\"},\"primaryImageOfPage\":{\"@id\":\"https:\/\/moissonsudouest.org\/en\/a-propos\/#primaryimage\"},\"image\":{\"@id\":\"https:\/\/moissonsudouest.org\/en\/a-propos\/#primaryimage\"},\"thumbnailUrl\":\"https:\/\/moissonsudouest.org\/wp-content\/uploads\/fond-equipe-blanc-1.png\",\"datePublished\":\"2021-06-29T09:35:50+00:00\",\"dateModified\":\"2026-04-08T15:02:58+00:00\",\"breadcrumb\":{\"@id\":\"https:\/\/moissonsudouest.org\/en\/a-propos\/#breadcrumb\"},\"inLanguage\":\"en-US\",\"potentialAction\":[{\"@type\":\"ReadAction\",\"target\":[\"https:\/\/moissonsudouest.org\/en\/a-propos\/\"]}]},{\"@type\":\"ImageObject\",\"inLanguage\":\"en-US\",\"@id\":\"https:\/\/moissonsudouest.org\/en\/a-propos\/#primaryimage\",\"url\":\"https:\/\/moissonsudouest.org\/wp-content\/uploads\/fond-equipe-blanc-1.png\",\"contentUrl\":\"https:\/\/moissonsudouest.org\/wp-content\/uploads\/fond-equipe-blanc-1.png\"},{\"@type\":\"BreadcrumbList\",\"@id\":\"https:\/\/moissonsudouest.org\/en\/a-propos\/#breadcrumb\",\"itemListElement\":[{\"@type\":\"ListItem\",\"position\":1,\"name\":\"Accueil\",\"item\":\"https:\/\/moissonsudouest.org\/en\/\"},{\"@type\":\"ListItem\",\"position\":2,\"name\":\"About us\"}]},{\"@type\":\"WebSite\",\"@id\":\"https:\/\/moissonsudouest.org\/#website\",\"url\":\"https:\/\/moissonsudouest.org\/\",\"name\":\"Moisson Sud-Ouest\",\"description\":\"\",\"potentialAction\":[{\"@type\":\"SearchAction\",\"target\":{\"@type\":\"EntryPoint\",\"urlTemplate\":\"https:\/\/moissonsudouest.org\/?s={search_term_string}\"},\"query-input\":{\"@type\":\"PropertyValueSpecification\",\"valueRequired\":true,\"valueName\":\"search_term_string\"}}],\"inLanguage\":\"en-US\"}]}<\/script>\n<!-- \/ Yoast SEO plugin. -->","yoast_head_json":{"title":"About us - Moisson Sud-Ouest","robots":{"index":"index","follow":"follow","max-snippet":"max-snippet:-1","max-image-preview":"max-image-preview:large","max-video-preview":"max-video-preview:-1"},"canonical":"https:\/\/moissonsudouest.org\/en\/a-propos\/","og_locale":"en_US","og_type":"article","og_title":"About us - Moisson Sud-Ouest","og_description":"HISTORY Moisson Sud-Ouest (MSO), la banque alimentaire du Suro\u00eet, entreprend ses activit\u00e9s en 1989. Cinq citoyens membres de la Table de Concertation de la Pauvret\u00e9 de Valleyfield s\u2019\u00e9taient alors r\u00e9unis dans le but de faire un geste concret en r\u00e9ponse aux probl\u00e8mes grandissants d\u2019appauvrissement de la population du sud-ouest du Qu\u00e9bec. Aujourd\u2019hui, Moisson Sud-Ouest, la&hellip;","og_url":"https:\/\/moissonsudouest.org\/en\/a-propos\/","og_site_name":"Moisson Sud-Ouest","article_modified_time":"2026-04-08T15:02:58+00:00","og_image":[{"url":"https:\/\/moissonsudouest.org\/wp-content\/uploads\/fond-equipe-blanc-1.png","type":"","width":"","height":""}],"twitter_card":"summary_large_image","twitter_misc":{"Est. reading time":"3 minutes"},"schema":{"@context":"https:\/\/schema.org","@graph":[{"@type":"WebPage","@id":"https:\/\/moissonsudouest.org\/en\/a-propos\/","url":"https:\/\/moissonsudouest.org\/en\/a-propos\/","name":"About us - Moisson Sud-Ouest","isPartOf":{"@id":"https:\/\/moissonsudouest.org\/#website"},"primaryImageOfPage":{"@id":"https:\/\/moissonsudouest.org\/en\/a-propos\/#primaryimage"},"image":{"@id":"https:\/\/moissonsudouest.org\/en\/a-propos\/#primaryimage"},"thumbnailUrl":"https:\/\/moissonsudouest.org\/wp-content\/uploads\/fond-equipe-blanc-1.png","datePublished":"2021-06-29T09:35:50+00:00","dateModified":"2026-04-08T15:02:58+00:00","breadcrumb":{"@id":"https:\/\/moissonsudouest.org\/en\/a-propos\/#breadcrumb"},"inLanguage":"en-US","potentialAction":[{"@type":"ReadAction","target":["https:\/\/moissonsudouest.org\/en\/a-propos\/"]}]},{"@type":"ImageObject","inLanguage":"en-US","@id":"https:\/\/moissonsudouest.org\/en\/a-propos\/#primaryimage","url":"https:\/\/moissonsudouest.org\/wp-content\/uploads\/fond-equipe-blanc-1.png","contentUrl":"https:\/\/moissonsudouest.org\/wp-content\/uploads\/fond-equipe-blanc-1.png"},{"@type":"BreadcrumbList","@id":"https:\/\/moissonsudouest.org\/en\/a-propos\/#breadcrumb","itemListElement":[{"@type":"ListItem","position":1,"name":"Accueil","item":"https:\/\/moissonsudouest.org\/en\/"},{"@type":"ListItem","position":2,"name":"About us"}]},{"@type":"WebSite","@id":"https:\/\/moissonsudouest.org\/#website","url":"https:\/\/moissonsudouest.org\/","name":"Moisson Sud-Ouest","description":"","potentialAction":[{"@type":"SearchAction","target":{"@type":"EntryPoint","urlTemplate":"https:\/\/moissonsudouest.org\/?s={search_term_string}"},"query-input":{"@type":"PropertyValueSpecification","valueRequired":true,"valueName":"search_term_string"}}],"inLanguage":"en-US"}]}},"_links":{"self":[{"href":"https:\/\/moissonsudouest.org\/en\/wp-json\/wp\/v2\/pages\/30750","targetHints":{"allow":["GET"]}}],"collection":[{"href":"https:\/\/moissonsudouest.org\/en\/wp-json\/wp\/v2\/pages"}],"about":[{"href":"https:\/\/moissonsudouest.org\/en\/wp-json\/wp\/v2\/types\/page"}],"author":[{"embeddable":true,"href":"https:\/\/moissonsudouest.org\/en\/wp-json\/wp\/v2\/users\/1"}],"replies":[{"embeddable":true,"href":"https:\/\/moissonsudouest.org\/en\/wp-json\/wp\/v2\/comments?post=30750"}],"version-history":[{"count":35,"href":"https:\/\/moissonsudouest.org\/en\/wp-json\/wp\/v2\/pages\/30750\/revisions"}],"predecessor-version":[{"id":36465,"href":"https:\/\/moissonsudouest.org\/en\/wp-json\/wp\/v2\/pages\/30750\/revisions\/36465"}],"wp:attachment":[{"href":"https:\/\/moissonsudouest.org\/en\/wp-json\/wp\/v2\/media?parent=30750"}],"curies":[{"name":"wp","href":"https:\/\/api.w.org\/{rel}","templated":true}]}}