{"id":30811,"date":"2021-06-29T03:10:40","date_gmt":"2021-06-29T07:10:40","guid":{"rendered":"https:\/\/moissonsudouest.org\/depannages-alimentaires\/"},"modified":"2022-02-22T08:57:16","modified_gmt":"2022-02-22T13:57:16","slug":"depannages-alimentaires","status":"publish","type":"page","link":"https:\/\/moissonsudouest.org\/en\/depannages-alimentaires\/","title":{"rendered":"Food Assistance"},"content":{"rendered":"\n<h3 class=\"case-transform has-text-color has-large-font-size wp-block-heading\" style=\"color:#cc2229\">Does Moisson Sud-Ouest directly offer food assistance?<\/h3>\n\n\n\n<div style=\"height:20px\" aria-hidden=\"true\" class=\"wp-block-spacer\"><\/div>\n\n\n\n<blockquote class=\"wp-block-quote is-layout-flow wp-block-quote-is-layout-flow\"><p><em><em>No.<\/em>&nbsp;\u2013 Moisson Sud-Ouest, the food bank of the Suro\u00eet region in the Mont\u00e9r\u00e9gie area, supplies accredited organizations that help people in situations of food insecurity.<\/em><\/p><\/blockquote>\n\n\n\n<figure class=\"wp-block-image size-large\"><img loading=\"lazy\" decoding=\"async\" width=\"1024\" height=\"791\" src=\"https:\/\/moissonsudouest.org\/wp-content\/uploads\/References-pour-depannages-alimentaires_Page_2-1024x791.jpg\" alt=\"\" class=\"wp-image-31533\" srcset=\"https:\/\/moissonsudouest.org\/wp-content\/uploads\/References-pour-depannages-alimentaires_Page_2-1024x791.jpg 1024w, https:\/\/moissonsudouest.org\/wp-content\/uploads\/References-pour-depannages-alimentaires_Page_2-300x232.jpg 300w, https:\/\/moissonsudouest.org\/wp-content\/uploads\/References-pour-depannages-alimentaires_Page_2-768x593.jpg 768w, https:\/\/moissonsudouest.org\/wp-content\/uploads\/References-pour-depannages-alimentaires_Page_2-1536x1187.jpg 1536w, https:\/\/moissonsudouest.org\/wp-content\/uploads\/References-pour-depannages-alimentaires_Page_2-2048x1583.jpg 2048w\" sizes=\"auto, (max-width: 1024px) 100vw, 1024px\" \/><\/figure>\n\n\n\n<p>Note that in the current situation, the food assistance procedures may have changed. We invite you to directly contact the organizations to find out more.<\/p>\n","protected":false},"excerpt":{"rendered":"<p>Does Moisson Sud-Ouest directly offer food assistance? No.&nbsp;\u2013 Moisson Sud-Ouest, the food bank of the Suro\u00eet region in the Mont\u00e9r\u00e9gie area, supplies accredited organizations that help people in situations of food insecurity. Note that in the current situation, the food assistance procedures may have changed. We invite you to directly contact the organizations to find&hellip;<\/p>\n","protected":false},"author":1,"featured_media":0,"parent":0,"menu_order":0,"comment_status":"closed","ping_status":"closed","template":"","meta":{"footnotes":""},"class_list":["post-30811","page","type-page","status-publish","hentry","description-off"],"yoast_head":"<!-- This site is optimized with the Yoast SEO plugin v26.1.1 - https:\/\/yoast.com\/wordpress\/plugins\/seo\/ -->\n<title>Food Assistance - Moisson Sud-Ouest<\/title>\n<meta name=\"robots\" content=\"index, follow, max-snippet:-1, max-image-preview:large, max-video-preview:-1\" \/>\n<link rel=\"canonical\" href=\"https:\/\/moissonsudouest.org\/en\/depannages-alimentaires\/\" \/>\n<meta property=\"og:locale\" content=\"en_US\" \/>\n<meta property=\"og:type\" content=\"article\" \/>\n<meta property=\"og:title\" content=\"Food Assistance - Moisson Sud-Ouest\" \/>\n<meta property=\"og:description\" content=\"Does Moisson Sud-Ouest directly offer food assistance? No.&nbsp;\u2013 Moisson Sud-Ouest, the food bank of the Suro\u00eet region in the Mont\u00e9r\u00e9gie area, supplies accredited organizations that help people in situations of food insecurity. Note that in the current situation, the food assistance procedures may have changed. We invite you to directly contact the organizations to find&hellip;\" \/>\n<meta property=\"og:url\" content=\"https:\/\/moissonsudouest.org\/en\/depannages-alimentaires\/\" \/>\n<meta property=\"og:site_name\" content=\"Moisson Sud-Ouest\" \/>\n<meta property=\"article:modified_time\" content=\"2022-02-22T13:57:16+00:00\" \/>\n<meta property=\"og:image\" content=\"https:\/\/moissonsudouest.org\/wp-content\/uploads\/References-pour-depannages-alimentaires_Page_2-1024x791.jpg\" \/>\n<meta name=\"twitter:card\" content=\"summary_large_image\" \/>\n<meta name=\"twitter:label1\" content=\"Est. reading time\" \/>\n\t<meta name=\"twitter:data1\" content=\"1 minute\" \/>\n<script type=\"application\/ld+json\" class=\"yoast-schema-graph\">{\"@context\":\"https:\/\/schema.org\",\"@graph\":[{\"@type\":\"WebPage\",\"@id\":\"https:\/\/moissonsudouest.org\/en\/depannages-alimentaires\/\",\"url\":\"https:\/\/moissonsudouest.org\/en\/depannages-alimentaires\/\",\"name\":\"Food Assistance - Moisson Sud-Ouest\",\"isPartOf\":{\"@id\":\"https:\/\/moissonsudouest.org\/#website\"},\"primaryImageOfPage\":{\"@id\":\"https:\/\/moissonsudouest.org\/en\/depannages-alimentaires\/#primaryimage\"},\"image\":{\"@id\":\"https:\/\/moissonsudouest.org\/en\/depannages-alimentaires\/#primaryimage\"},\"thumbnailUrl\":\"https:\/\/moissonsudouest.org\/wp-content\/uploads\/References-pour-depannages-alimentaires_Page_2-1024x791.jpg\",\"datePublished\":\"2021-06-29T07:10:40+00:00\",\"dateModified\":\"2022-02-22T13:57:16+00:00\",\"breadcrumb\":{\"@id\":\"https:\/\/moissonsudouest.org\/en\/depannages-alimentaires\/#breadcrumb\"},\"inLanguage\":\"en-US\",\"potentialAction\":[{\"@type\":\"ReadAction\",\"target\":[\"https:\/\/moissonsudouest.org\/en\/depannages-alimentaires\/\"]}]},{\"@type\":\"ImageObject\",\"inLanguage\":\"en-US\",\"@id\":\"https:\/\/moissonsudouest.org\/en\/depannages-alimentaires\/#primaryimage\",\"url\":\"https:\/\/moissonsudouest.org\/wp-content\/uploads\/References-pour-depannages-alimentaires_Page_2-1024x791.jpg\",\"contentUrl\":\"https:\/\/moissonsudouest.org\/wp-content\/uploads\/References-pour-depannages-alimentaires_Page_2-1024x791.jpg\"},{\"@type\":\"BreadcrumbList\",\"@id\":\"https:\/\/moissonsudouest.org\/en\/depannages-alimentaires\/#breadcrumb\",\"itemListElement\":[{\"@type\":\"ListItem\",\"position\":1,\"name\":\"Accueil\",\"item\":\"https:\/\/moissonsudouest.org\/en\/\"},{\"@type\":\"ListItem\",\"position\":2,\"name\":\"Food Assistance\"}]},{\"@type\":\"WebSite\",\"@id\":\"https:\/\/moissonsudouest.org\/#website\",\"url\":\"https:\/\/moissonsudouest.org\/\",\"name\":\"Moisson Sud-Ouest\",\"description\":\"\",\"potentialAction\":[{\"@type\":\"SearchAction\",\"target\":{\"@type\":\"EntryPoint\",\"urlTemplate\":\"https:\/\/moissonsudouest.org\/?s={search_term_string}\"},\"query-input\":{\"@type\":\"PropertyValueSpecification\",\"valueRequired\":true,\"valueName\":\"search_term_string\"}}],\"inLanguage\":\"en-US\"}]}<\/script>\n<!-- \/ Yoast SEO plugin. -->","yoast_head_json":{"title":"Food Assistance - Moisson Sud-Ouest","robots":{"index":"index","follow":"follow","max-snippet":"max-snippet:-1","max-image-preview":"max-image-preview:large","max-video-preview":"max-video-preview:-1"},"canonical":"https:\/\/moissonsudouest.org\/en\/depannages-alimentaires\/","og_locale":"en_US","og_type":"article","og_title":"Food Assistance - Moisson Sud-Ouest","og_description":"Does Moisson Sud-Ouest directly offer food assistance? No.&nbsp;\u2013 Moisson Sud-Ouest, the food bank of the Suro\u00eet region in the Mont\u00e9r\u00e9gie area, supplies accredited organizations that help people in situations of food insecurity. Note that in the current situation, the food assistance procedures may have changed. We invite you to directly contact the organizations to find&hellip;","og_url":"https:\/\/moissonsudouest.org\/en\/depannages-alimentaires\/","og_site_name":"Moisson Sud-Ouest","article_modified_time":"2022-02-22T13:57:16+00:00","og_image":[{"url":"https:\/\/moissonsudouest.org\/wp-content\/uploads\/References-pour-depannages-alimentaires_Page_2-1024x791.jpg","type":"","width":"","height":""}],"twitter_card":"summary_large_image","twitter_misc":{"Est. reading time":"1 minute"},"schema":{"@context":"https:\/\/schema.org","@graph":[{"@type":"WebPage","@id":"https:\/\/moissonsudouest.org\/en\/depannages-alimentaires\/","url":"https:\/\/moissonsudouest.org\/en\/depannages-alimentaires\/","name":"Food Assistance - Moisson Sud-Ouest","isPartOf":{"@id":"https:\/\/moissonsudouest.org\/#website"},"primaryImageOfPage":{"@id":"https:\/\/moissonsudouest.org\/en\/depannages-alimentaires\/#primaryimage"},"image":{"@id":"https:\/\/moissonsudouest.org\/en\/depannages-alimentaires\/#primaryimage"},"thumbnailUrl":"https:\/\/moissonsudouest.org\/wp-content\/uploads\/References-pour-depannages-alimentaires_Page_2-1024x791.jpg","datePublished":"2021-06-29T07:10:40+00:00","dateModified":"2022-02-22T13:57:16+00:00","breadcrumb":{"@id":"https:\/\/moissonsudouest.org\/en\/depannages-alimentaires\/#breadcrumb"},"inLanguage":"en-US","potentialAction":[{"@type":"ReadAction","target":["https:\/\/moissonsudouest.org\/en\/depannages-alimentaires\/"]}]},{"@type":"ImageObject","inLanguage":"en-US","@id":"https:\/\/moissonsudouest.org\/en\/depannages-alimentaires\/#primaryimage","url":"https:\/\/moissonsudouest.org\/wp-content\/uploads\/References-pour-depannages-alimentaires_Page_2-1024x791.jpg","contentUrl":"https:\/\/moissonsudouest.org\/wp-content\/uploads\/References-pour-depannages-alimentaires_Page_2-1024x791.jpg"},{"@type":"BreadcrumbList","@id":"https:\/\/moissonsudouest.org\/en\/depannages-alimentaires\/#breadcrumb","itemListElement":[{"@type":"ListItem","position":1,"name":"Accueil","item":"https:\/\/moissonsudouest.org\/en\/"},{"@type":"ListItem","position":2,"name":"Food Assistance"}]},{"@type":"WebSite","@id":"https:\/\/moissonsudouest.org\/#website","url":"https:\/\/moissonsudouest.org\/","name":"Moisson Sud-Ouest","description":"","potentialAction":[{"@type":"SearchAction","target":{"@type":"EntryPoint","urlTemplate":"https:\/\/moissonsudouest.org\/?s={search_term_string}"},"query-input":{"@type":"PropertyValueSpecification","valueRequired":true,"valueName":"search_term_string"}}],"inLanguage":"en-US"}]}},"_links":{"self":[{"href":"https:\/\/moissonsudouest.org\/en\/wp-json\/wp\/v2\/pages\/30811","targetHints":{"allow":["GET"]}}],"collection":[{"href":"https:\/\/moissonsudouest.org\/en\/wp-json\/wp\/v2\/pages"}],"about":[{"href":"https:\/\/moissonsudouest.org\/en\/wp-json\/wp\/v2\/types\/page"}],"author":[{"embeddable":true,"href":"https:\/\/moissonsudouest.org\/en\/wp-json\/wp\/v2\/users\/1"}],"replies":[{"embeddable":true,"href":"https:\/\/moissonsudouest.org\/en\/wp-json\/wp\/v2\/comments?post=30811"}],"version-history":[{"count":5,"href":"https:\/\/moissonsudouest.org\/en\/wp-json\/wp\/v2\/pages\/30811\/revisions"}],"predecessor-version":[{"id":31535,"href":"https:\/\/moissonsudouest.org\/en\/wp-json\/wp\/v2\/pages\/30811\/revisions\/31535"}],"wp:attachment":[{"href":"https:\/\/moissonsudouest.org\/en\/wp-json\/wp\/v2\/media?parent=30811"}],"curies":[{"name":"wp","href":"https:\/\/api.w.org\/{rel}","templated":true}]}}