{"id":30840,"date":"2021-06-29T03:43:38","date_gmt":"2021-06-29T07:43:38","guid":{"rendered":"https:\/\/moissonsudouest.org\/organismes\/"},"modified":"2021-06-30T04:15:47","modified_gmt":"2021-06-30T08:15:47","slug":"organismes","status":"publish","type":"page","link":"https:\/\/moissonsudouest.org\/en\/organismes\/","title":{"rendered":"Organisms"},"content":{"rendered":"\n<blockquote class=\"wp-block-quote is-layout-flow wp-block-quote-is-layout-flow\"><p>Every day, Moisson Sud-Ouest supplies the accredited community organizations in the region, which in turn, ensure the redistribution of food to people in need.<\/p><\/blockquote>\n\n\n\n<p>With their services,&nbsp;<a href=\"https:\/\/www.moissonsudouest.org\/en\/partners\/\">Moisson Sud-Ouest organizational partners<\/a>&nbsp;provide valuable assistance to families, workers and the elderly in food insecurity situations on the territory of the regional county municipalities (MRC) of Beauharnois-Salaberry, Haut-Saint-Laurent and Vaudreuil-Soulanges.<\/p>\n\n\n\n<p>To become accredited, organizations must meet certain selection criteria.<\/p>\n\n\n\n<p>Only non-profit organizations, whose mission is to offer&nbsp;<strong>food aid<\/strong>&nbsp;and food assistance directed towards people in need are eligible.<\/p>\n\n\n\n<p>Moisson Sud-Ouest favours organizations that are geared towards the empowerment of their participants.<\/p>\n\n\n\n<p>To know more about our regulations and accreditation procedures, see the attached documents:<\/p>\n\n\n\n<div class=\"wp-block-getwid-icon-box has-icon-left has-text-left\"><div class=\"wp-block-getwid-icon-box__icon-container has-layout-stacked is-position-top\"><a href=\"https:\/\/moissonsudouest.org\/wp-content\/uploads\/Programme-daccre\u0301ditation-au-service-de-distribution-alimentaire-1.pdf\" target=\"_blank\" rel=\"noreferrer noopener\" class=\"wp-block-getwid-icon-box__icon-wrapper has-text-color has-dark-gray-color\" style=\"font-size:28px\"><i class=\"far fa-file-pdf\"><\/i><\/a><\/div><div class=\"wp-block-getwid-icon-box__content\">\n<h3 class=\"has-text-color has-normal-font-size wp-block-heading\" style=\"color:#cc2229\"><a href=\"https:\/\/www.moissonsudouest.org\/wp-content\/uploads\/Programme-daccr%C3%A9ditation-au-service-de-distribution-alimentaire-1.pdf\">Programme d\u2019accr\u00e9ditation au service de distribution alimentaire<\/a><\/h3>\n\n\n\n<p><\/p>\n<\/div><\/div>\n\n\n\n<blockquote class=\"wp-block-quote is-layout-flow wp-block-quote-is-layout-flow\"><p>For additional information, please communicate with the person in charge, Marjolaine Lacroix, Coordinator of Customer Relationship Management at 450 377-7696 ext. 26 or by email :\u00a0<a href=\"mailto:crm@moissonsudouest.org\">crm@moissonsudouest.org<\/a><\/p><\/blockquote>\n\n\n\n        <div class=\"wp-block-getwid-post-slider custom-post-type-dt_testimonials has-arrows-inside has-dots-inside\">\n            <div data-slider-option=\"{&quot;getwid_fade_effect&quot;:&quot;slide&quot;,&quot;getwid_autoplay&quot;:false,&quot;getwid_pause_on_hover&quot;:false,&quot;getwid_autoplay_speed&quot;:6000,&quot;getwid_infinite&quot;:true,&quot;getwid_animation_speed&quot;:800,&quot;getwid_arrows&quot;:&quot;inside&quot;,&quot;getwid_dots&quot;:&quot;inside&quot;}\" class=\"wp-block-getwid-post-slider__content\">\n                \t\t\t\t\t\t\t<div class=\"wp-block-getwid-post-slider__slide\" style=\"\">\n\t\t\t\t\t\t\t\t\n<div class=\"wp-block-getwid-post-slider__post \">\n            <div class=\"wp-block-getwid-post-slider__post-thumbnail\">\n            <img loading=\"lazy\" decoding=\"async\" width=\"1200\" height=\"800\" src=\"https:\/\/moissonsudouest.org\/wp-content\/uploads\/main-coeur-1.jpeg\" class=\"attachment-post-thumbnail size-post-thumbnail wp-post-image\" alt=\"\" srcset=\"https:\/\/moissonsudouest.org\/wp-content\/uploads\/main-coeur-1.jpeg 1200w, https:\/\/moissonsudouest.org\/wp-content\/uploads\/main-coeur-1-300x200.jpeg 300w, https:\/\/moissonsudouest.org\/wp-content\/uploads\/main-coeur-1-1024x683.jpeg 1024w, https:\/\/moissonsudouest.org\/wp-content\/uploads\/main-coeur-1-768x512.jpeg 768w\" sizes=\"auto, (max-width: 1200px) 100vw, 1200px\" \/>        <\/div>\n        <div class=\"wp-block-getwid-post-slider__post-overlay \"><\/div>\n    <div class=\"wp-block-getwid-post-slider__post-content-wrapper\">\n        <h3 class=\"wp-block-getwid-post-slider__post-title\"><a href=\"https:\/\/moissonsudouest.org\/en\/dt_testimonials\/andre-couillard-director-of-the-maison-dhebergement-depannage-of-valleyfield\/\">Andr\u00e9 Couillard, Director of the \u201cMaison d\u2019H\u00e9bergement D\u00e9pannage\u201d of Valleyfield<\/a><\/h3>        <div class=\"wp-block-getwid-post-slider__post-excerpt\"><p>The food that Moisson Sud-Ouest gives us each week helps us reduce our costs to purchase food. Thus, we can better focus on the work of psychosocial interventions in supportive housing which is our primary mission. Thanks to Moisson Sud-Ouest.<\/p>\n<\/div>\n    <\/div>\n<\/div>\n\t\t\t\t\t\t\t<\/div>\n\t\t\t\t\t\t\t\t\t\t\t\t\t<div class=\"wp-block-getwid-post-slider__slide\" style=\"\">\n\t\t\t\t\t\t\t\t\n<div class=\"wp-block-getwid-post-slider__post \">\n            <div class=\"wp-block-getwid-post-slider__post-thumbnail\">\n            <img loading=\"lazy\" decoding=\"async\" width=\"1200\" height=\"800\" src=\"https:\/\/moissonsudouest.org\/wp-content\/uploads\/main-coeur-1.jpeg\" class=\"attachment-post-thumbnail size-post-thumbnail wp-post-image\" alt=\"\" srcset=\"https:\/\/moissonsudouest.org\/wp-content\/uploads\/main-coeur-1.jpeg 1200w, https:\/\/moissonsudouest.org\/wp-content\/uploads\/main-coeur-1-300x200.jpeg 300w, https:\/\/moissonsudouest.org\/wp-content\/uploads\/main-coeur-1-1024x683.jpeg 1024w, https:\/\/moissonsudouest.org\/wp-content\/uploads\/main-coeur-1-768x512.jpeg 768w\" sizes=\"auto, (max-width: 1200px) 100vw, 1200px\" \/>        <\/div>\n        <div class=\"wp-block-getwid-post-slider__post-overlay \"><\/div>\n    <div class=\"wp-block-getwid-post-slider__post-content-wrapper\">\n        <h3 class=\"wp-block-getwid-post-slider__post-title\"><a href=\"https:\/\/moissonsudouest.org\/en\/dt_testimonials\/a-mother-who-came-for-food-assistance\/\">A mother who came for food assistance<\/a><\/h3>        <div class=\"wp-block-getwid-post-slider__post-excerpt\"><p>Thank you really, you don\u2019t know to what extent you have helped us, God bless you.<\/p>\n<\/div>\n    <\/div>\n<\/div>\n\t\t\t\t\t\t\t<\/div>\n\t\t\t\t\t\t\t\t\t\t\t\t\t<div class=\"wp-block-getwid-post-slider__slide\" style=\"\">\n\t\t\t\t\t\t\t\t\n<div class=\"wp-block-getwid-post-slider__post \">\n            <div class=\"wp-block-getwid-post-slider__post-thumbnail\">\n            <img loading=\"lazy\" decoding=\"async\" width=\"1200\" height=\"800\" src=\"https:\/\/moissonsudouest.org\/wp-content\/uploads\/main-coeur-1.jpeg\" class=\"attachment-post-thumbnail size-post-thumbnail wp-post-image\" alt=\"\" srcset=\"https:\/\/moissonsudouest.org\/wp-content\/uploads\/main-coeur-1.jpeg 1200w, https:\/\/moissonsudouest.org\/wp-content\/uploads\/main-coeur-1-300x200.jpeg 300w, https:\/\/moissonsudouest.org\/wp-content\/uploads\/main-coeur-1-1024x683.jpeg 1024w, https:\/\/moissonsudouest.org\/wp-content\/uploads\/main-coeur-1-768x512.jpeg 768w\" sizes=\"auto, (max-width: 1200px) 100vw, 1200px\" \/>        <\/div>\n        <div class=\"wp-block-getwid-post-slider__post-overlay \"><\/div>\n    <div class=\"wp-block-getwid-post-slider__post-content-wrapper\">\n        <h3 class=\"wp-block-getwid-post-slider__post-title\"><a href=\"https:\/\/moissonsudouest.org\/en\/dt_testimonials\/azalee-8-years-old\/\">Azal\u00e9e, 8 years old<\/a><\/h3>        <div class=\"wp-block-getwid-post-slider__post-excerpt\"><p>The food is delicious at \u201cMaison des enfants\u201d. It is fun and the children also help take care of the kitchen.<\/p>\n<\/div>\n    <\/div>\n<\/div>\n\t\t\t\t\t\t\t<\/div>\n\t\t\t\t\t\t\t\t\t\t\t\t\t<div class=\"wp-block-getwid-post-slider__slide\" style=\"\">\n\t\t\t\t\t\t\t\t\n<div class=\"wp-block-getwid-post-slider__post \">\n            <div class=\"wp-block-getwid-post-slider__post-thumbnail\">\n            <img loading=\"lazy\" decoding=\"async\" width=\"1200\" height=\"800\" src=\"https:\/\/moissonsudouest.org\/wp-content\/uploads\/main-coeur-1.jpeg\" class=\"attachment-post-thumbnail size-post-thumbnail wp-post-image\" alt=\"\" srcset=\"https:\/\/moissonsudouest.org\/wp-content\/uploads\/main-coeur-1.jpeg 1200w, https:\/\/moissonsudouest.org\/wp-content\/uploads\/main-coeur-1-300x200.jpeg 300w, https:\/\/moissonsudouest.org\/wp-content\/uploads\/main-coeur-1-1024x683.jpeg 1024w, https:\/\/moissonsudouest.org\/wp-content\/uploads\/main-coeur-1-768x512.jpeg 768w\" sizes=\"auto, (max-width: 1200px) 100vw, 1200px\" \/>        <\/div>\n        <div class=\"wp-block-getwid-post-slider__post-overlay \"><\/div>\n    <div class=\"wp-block-getwid-post-slider__post-content-wrapper\">\n        <h3 class=\"wp-block-getwid-post-slider__post-title\"><a href=\"https:\/\/moissonsudouest.org\/en\/dt_testimonials\/lea-9-years-old\/\">L\u00e9a, 9 years old<\/a><\/h3>        <div class=\"wp-block-getwid-post-slider__post-excerpt\"><p>Moisson Sud-Ouest meets the needs of our children! They can eat to satiety!<\/p>\n<\/div>\n    <\/div>\n<\/div>\n\t\t\t\t\t\t\t<\/div>\n\t\t\t\t\t\t\t\t\t\t\t\t\t<div class=\"wp-block-getwid-post-slider__slide\" style=\"\">\n\t\t\t\t\t\t\t\t\n<div class=\"wp-block-getwid-post-slider__post \">\n            <div class=\"wp-block-getwid-post-slider__post-thumbnail\">\n            <img loading=\"lazy\" decoding=\"async\" width=\"1200\" height=\"800\" src=\"https:\/\/moissonsudouest.org\/wp-content\/uploads\/main-coeur-1.jpeg\" class=\"attachment-post-thumbnail size-post-thumbnail wp-post-image\" alt=\"\" srcset=\"https:\/\/moissonsudouest.org\/wp-content\/uploads\/main-coeur-1.jpeg 1200w, https:\/\/moissonsudouest.org\/wp-content\/uploads\/main-coeur-1-300x200.jpeg 300w, https:\/\/moissonsudouest.org\/wp-content\/uploads\/main-coeur-1-1024x683.jpeg 1024w, https:\/\/moissonsudouest.org\/wp-content\/uploads\/main-coeur-1-768x512.jpeg 768w\" sizes=\"auto, (max-width: 1200px) 100vw, 1200px\" \/>        <\/div>\n        <div class=\"wp-block-getwid-post-slider__post-overlay \"><\/div>\n    <div class=\"wp-block-getwid-post-slider__post-content-wrapper\">\n        <h3 class=\"wp-block-getwid-post-slider__post-title\"><a href=\"https:\/\/moissonsudouest.org\/en\/dt_testimonials\/janine-lefebvre-director-of-maison-des-enfants\/\">Janine Lefebvre, Director of Maison des enfants<\/a><\/h3>        <div class=\"wp-block-getwid-post-slider__post-excerpt\"><p>Moisson Sud-Ouest meets the needs of our children! They can eat to satiety!<\/p>\n<\/div>\n    <\/div>\n<\/div>\n\t\t\t\t\t\t\t<\/div>\n\t\t\t\t\t\t\t\t\t\t\t\t\t<div class=\"wp-block-getwid-post-slider__slide\" style=\"\">\n\t\t\t\t\t\t\t\t\n<div class=\"wp-block-getwid-post-slider__post \">\n            <div class=\"wp-block-getwid-post-slider__post-thumbnail\">\n            <img loading=\"lazy\" decoding=\"async\" width=\"1200\" height=\"800\" src=\"https:\/\/moissonsudouest.org\/wp-content\/uploads\/main-coeur-1.jpeg\" class=\"attachment-post-thumbnail size-post-thumbnail wp-post-image\" alt=\"\" srcset=\"https:\/\/moissonsudouest.org\/wp-content\/uploads\/main-coeur-1.jpeg 1200w, https:\/\/moissonsudouest.org\/wp-content\/uploads\/main-coeur-1-300x200.jpeg 300w, https:\/\/moissonsudouest.org\/wp-content\/uploads\/main-coeur-1-1024x683.jpeg 1024w, https:\/\/moissonsudouest.org\/wp-content\/uploads\/main-coeur-1-768x512.jpeg 768w\" sizes=\"auto, (max-width: 1200px) 100vw, 1200px\" \/>        <\/div>\n        <div class=\"wp-block-getwid-post-slider__post-overlay \"><\/div>\n    <div class=\"wp-block-getwid-post-slider__post-content-wrapper\">\n        <h3 class=\"wp-block-getwid-post-slider__post-title\"><a href=\"https:\/\/moissonsudouest.org\/en\/dt_testimonials\/les-cedres-youth-center-clients-employees-management\/\">Les C\u00e8dres Youth Center &#8211; clients, employees &#038; management<\/a><\/h3>        <div class=\"wp-block-getwid-post-slider__post-excerpt\"><p>Thanks to Moisson Sud-Ouest we can cook good meals with young people and at the same time offer them a daily activity. Moisson Sud-Ouest is one of our main collaborators in connection with the implementation of this activity. Thank you very much.<\/p>\n<\/div>\n    <\/div>\n<\/div>\n\t\t\t\t\t\t\t<\/div>\n\t\t\t\t\t\t            <\/div>\n        <\/div>\n        \n\n\n<div style=\"height:40px\" aria-hidden=\"true\" class=\"wp-block-spacer\"><\/div>\n\n\n\n<div class=\"wp-block-getwid-accordion has-icon-left\" data-active-element=\"none\">\n<div class=\"wp-block-getwid-accordion__header-wrapper\"><span class=\"wp-block-getwid-accordion__header\"><a href=\"#\"><span class=\"wp-block-getwid-accordion__header-title\"><a href=\"https:\/\/www.moissonsudouest.org\/en\/organisms\/#accordion_group-0\">SEE OUR ACCREDITED ORGANIZATIONS<\/a><\/span><span class=\"wp-block-getwid-accordion__icon is-active\"><i class=\"fas fa-chevron-down\"><\/i><\/span><span class=\"wp-block-getwid-accordion__icon is-passive\"><i class=\"fas fa-chevron-up\"><\/i><\/span><\/a><\/span><\/div><div class=\"wp-block-getwid-accordion__content-wrapper\"><div class=\"wp-block-getwid-accordion__content\">\n<p>BEAUHARNOIS-SALABERRY<\/p>\n\n\n\n<ul class=\"wp-block-list\"><li>L\u2019ABC de la famille<\/li><li>Actions familles de Sainte-Martine<\/li><li>Accueil pour Elle (L\u2019)<\/li><li>Antichambre 12-17 H\u00e9bergement Jeunesse du Suro\u00eet (L\u2019)<\/li><li>Ateliers Cr\u00e9actions (Les)<\/li><li>Caf\u00e9 des Deux Pains<\/li><li>Carrefour Jeunesse Emploi Beauharnois-Salaberry<\/li><li>Centre d\u2019Main de Femmes<\/li><li>Centre du Nouvel Envol<\/li><li>Centre sur l\u2019Autre Rive (Le)<\/li><li>Cercle de fermi\u00e8re Notre-Dame-de-Bellerive<\/li><li>Club la Joie de Vivre<\/li><li>Coin du Partage Beauharnois<\/li><li>Coll\u00e8ge de Valleyfield<\/li><li>\u00c9cole Alternative La Travers\u00e9e<\/li><li>\u00c9cole de la Baie Saint-Fran\u00e7ois<\/li><li>\u00c9cole Edgar-H\u00e9bert<\/li><\/ul>\n\n\n\n<ul class=\"wp-block-list\"><li>\u00c9cole \u00c9lisabeth-Monette<\/li><li>\u00c9cole Fr\u00e9d\u00e9ric Girard<\/li><li>\u00c9cole Langlois<\/li><li>\u00c9cole Montpetit<\/li><li>\u00c9cole Notre-Dame-du-Saint-Esprit<\/li><li>\u00c9cole Sainte-Agn\u00e8s<\/li><li>\u00c9cole secondaire des patriotes Beauharnois<\/li><li>\u00c9cole St-Eug\u00e8ne<\/li><li>\u00c9cole St-Joseph Artisan<\/li><li>\u00c9glise carrefour du Suro\u00eet<\/li><li>Entraide monoparentales et familles recompos\u00e9es du Suro\u00eet<\/li><li>Groupe d\u2019entraide en sant\u00e9 mentale Le Dahlia<\/li><li>Halte Familiale Beauharnois (La)<\/li><li>Institut Gault<\/li><li>Maison des enfants Marie-Rose (La)<\/li><li>Maison des jeunes de Beauharnois<\/li><li>Maison des jeunes L\u2019entracte de Ste-Martine<\/li><\/ul>\n\n\n\n<ul class=\"wp-block-list\"><li>Maison de la jeunesse 1-17 de Valleyfield<\/li><li>Maison d\u2019h\u00e9bergement d\u00e9pannage de Valleyfield (MHDV)<\/li><li>Moulin de la Source (Au)<\/li><li>Organisation populaire des droits sociaux de Valleyfield (OPDSV)<\/li><li>Pacte de rue<\/li><li>Popote roulante de Valleyfield<\/li><li>Pour un r\u00e9seau actif dans nos quartiers (PRAQ)<\/li><li>PS Jeunesse<\/li><li>Psycoh\u00e9sion groupe d\u2019entraide en sant\u00e9 mentale<\/li><li>Service alimentaire communautaire (SAC)<\/li><li>Surbois<\/li><li>Tabl\u00e9e des chefs<\/li><li>Tournant (Le)<\/li><li>Troupe de th\u00e9\u00e2tre adapt\u00e9e Les Pas pour Rire<\/li><li>Virage (Le)<\/li><li>7e groupe scout St-Esprit<\/li><\/ul>\n\n\n\n<p>HAUT-SAINT-LAURENT<\/p>\n\n\n\n<ul class=\"wp-block-list\"><li>Ancre et Ailes du Haut-St-Laurent<\/li><li>Affaire de famille (Une)<\/li><li>Bouffe Additionnelle (La)<\/li><li>Centre des Ressources Familiales HSL<\/li><li>CDC Haut-St-Laurent (La)<\/li><\/ul>\n\n\n\n<ul class=\"wp-block-list\"><li>Cercle de fermi\u00e8res de Sainte-Barbe<\/li><li>Ch\u00e2teauguay Valley Career Education Centre (CVCEC)<\/li><li>Ch\u00e2teauguay Valley Regional High School (CVR)<\/li><li>Coin de chez nous (Un)<\/li><li>\u00c9cole Franklin Elementary School<\/li><\/ul>\n\n\n\n<ul class=\"wp-block-list\"><li>Habitations des Tisserands (Les)<\/li><li>Huntingdon Adult Educational &amp; Community Center (HEACC)<\/li><li>Maison des Jeunes de Huntingdon<\/li><li>R\u00e9sidence-Elle du Haut-Saint-Laurent<\/li><\/ul>\n\n\n\n<p>VAUDREUIL-SOULANGES<\/p>\n\n\n\n<ul class=\"wp-block-list\"><li>Aiguillage (L\u2019)<\/li><li>CAB L\u2019Actuel<\/li><li>CAB Soulanges<\/li><li>Caf\u00e9 de la D\u00e9brouille (Le)<\/li><li>Centre communautaire des a\u00een\u00e9s de Soulanges<\/li><li>Comit\u00e9 Jeunesse Action (Pincourt)<\/li><\/ul>\n\n\n\n<ul class=\"wp-block-list\"><li>Dorion Dream Center<\/li><li>H\u00e9bergement La Passerelle<\/li><li>Les Jonathan de Soulanges Inc<\/li><li>Maison de la Famille de Vaudreuil-Soulanges<\/li><li>Maison des jeunes de Rigaud<\/li><li>Maison des jeunes Les C\u00e8dres<\/li><\/ul>\n\n\n\n<ul class=\"wp-block-list\"><li>Maison des jeunes de Vaudreuil-Dorion<\/li><li>Paroisse Sainte-Jeanne de Chantal \u00cele-Perrot<\/li><li>Paroisse Notre-Dame de Lorette Pincourt<\/li><li>Sortie (La)<\/li><li>Z\u00e8bre rouge (Le)<\/li><\/ul>\n<\/div><\/div>\n<\/div>\n\n\n\n<p><\/p>\n","protected":false},"excerpt":{"rendered":"<p>Every day, Moisson Sud-Ouest supplies the accredited community organizations in the region, which in turn, ensure the redistribution of food to people in need. With their services,&nbsp;Moisson Sud-Ouest organizational partners&nbsp;provide valuable assistance to families, workers and the elderly in food insecurity situations on the territory of the regional county municipalities (MRC) of Beauharnois-Salaberry, Haut-Saint-Laurent and&hellip;<\/p>\n","protected":false},"author":1,"featured_media":0,"parent":0,"menu_order":0,"comment_status":"closed","ping_status":"closed","template":"","meta":{"footnotes":""},"class_list":["post-30840","page","type-page","status-publish","hentry","description-off"],"yoast_head":"<!-- This site is optimized with the Yoast SEO plugin v26.1.1 - https:\/\/yoast.com\/wordpress\/plugins\/seo\/ -->\n<title>Organisms - Moisson Sud-Ouest<\/title>\n<meta name=\"robots\" content=\"index, follow, max-snippet:-1, max-image-preview:large, max-video-preview:-1\" \/>\n<link rel=\"canonical\" href=\"https:\/\/moissonsudouest.org\/en\/organismes\/\" \/>\n<meta property=\"og:locale\" content=\"en_US\" \/>\n<meta property=\"og:type\" content=\"article\" \/>\n<meta property=\"og:title\" content=\"Organisms - Moisson Sud-Ouest\" \/>\n<meta property=\"og:description\" content=\"Every day, Moisson Sud-Ouest supplies the accredited community organizations in the region, which in turn, ensure the redistribution of food to people in need. With their services,&nbsp;Moisson Sud-Ouest organizational partners&nbsp;provide valuable assistance to families, workers and the elderly in food insecurity situations on the territory of the regional county municipalities (MRC) of Beauharnois-Salaberry, Haut-Saint-Laurent and&hellip;\" \/>\n<meta property=\"og:url\" content=\"https:\/\/moissonsudouest.org\/en\/organismes\/\" \/>\n<meta property=\"og:site_name\" content=\"Moisson Sud-Ouest\" \/>\n<meta property=\"article:modified_time\" content=\"2021-06-30T08:15:47+00:00\" \/>\n<meta name=\"twitter:card\" content=\"summary_large_image\" \/>\n<meta name=\"twitter:label1\" content=\"Est. reading time\" \/>\n\t<meta name=\"twitter:data1\" content=\"3 minutes\" \/>\n<script type=\"application\/ld+json\" class=\"yoast-schema-graph\">{\"@context\":\"https:\/\/schema.org\",\"@graph\":[{\"@type\":\"WebPage\",\"@id\":\"https:\/\/moissonsudouest.org\/en\/organismes\/\",\"url\":\"https:\/\/moissonsudouest.org\/en\/organismes\/\",\"name\":\"Organisms - Moisson Sud-Ouest\",\"isPartOf\":{\"@id\":\"https:\/\/moissonsudouest.org\/#website\"},\"datePublished\":\"2021-06-29T07:43:38+00:00\",\"dateModified\":\"2021-06-30T08:15:47+00:00\",\"breadcrumb\":{\"@id\":\"https:\/\/moissonsudouest.org\/en\/organismes\/#breadcrumb\"},\"inLanguage\":\"en-US\",\"potentialAction\":[{\"@type\":\"ReadAction\",\"target\":[\"https:\/\/moissonsudouest.org\/en\/organismes\/\"]}]},{\"@type\":\"BreadcrumbList\",\"@id\":\"https:\/\/moissonsudouest.org\/en\/organismes\/#breadcrumb\",\"itemListElement\":[{\"@type\":\"ListItem\",\"position\":1,\"name\":\"Accueil\",\"item\":\"https:\/\/moissonsudouest.org\/en\/\"},{\"@type\":\"ListItem\",\"position\":2,\"name\":\"Organisms\"}]},{\"@type\":\"WebSite\",\"@id\":\"https:\/\/moissonsudouest.org\/#website\",\"url\":\"https:\/\/moissonsudouest.org\/\",\"name\":\"Moisson Sud-Ouest\",\"description\":\"\",\"potentialAction\":[{\"@type\":\"SearchAction\",\"target\":{\"@type\":\"EntryPoint\",\"urlTemplate\":\"https:\/\/moissonsudouest.org\/?s={search_term_string}\"},\"query-input\":{\"@type\":\"PropertyValueSpecification\",\"valueRequired\":true,\"valueName\":\"search_term_string\"}}],\"inLanguage\":\"en-US\"}]}<\/script>\n<!-- \/ Yoast SEO plugin. -->","yoast_head_json":{"title":"Organisms - Moisson Sud-Ouest","robots":{"index":"index","follow":"follow","max-snippet":"max-snippet:-1","max-image-preview":"max-image-preview:large","max-video-preview":"max-video-preview:-1"},"canonical":"https:\/\/moissonsudouest.org\/en\/organismes\/","og_locale":"en_US","og_type":"article","og_title":"Organisms - Moisson Sud-Ouest","og_description":"Every day, Moisson Sud-Ouest supplies the accredited community organizations in the region, which in turn, ensure the redistribution of food to people in need. With their services,&nbsp;Moisson Sud-Ouest organizational partners&nbsp;provide valuable assistance to families, workers and the elderly in food insecurity situations on the territory of the regional county municipalities (MRC) of Beauharnois-Salaberry, Haut-Saint-Laurent and&hellip;","og_url":"https:\/\/moissonsudouest.org\/en\/organismes\/","og_site_name":"Moisson Sud-Ouest","article_modified_time":"2021-06-30T08:15:47+00:00","twitter_card":"summary_large_image","twitter_misc":{"Est. reading time":"3 minutes"},"schema":{"@context":"https:\/\/schema.org","@graph":[{"@type":"WebPage","@id":"https:\/\/moissonsudouest.org\/en\/organismes\/","url":"https:\/\/moissonsudouest.org\/en\/organismes\/","name":"Organisms - Moisson Sud-Ouest","isPartOf":{"@id":"https:\/\/moissonsudouest.org\/#website"},"datePublished":"2021-06-29T07:43:38+00:00","dateModified":"2021-06-30T08:15:47+00:00","breadcrumb":{"@id":"https:\/\/moissonsudouest.org\/en\/organismes\/#breadcrumb"},"inLanguage":"en-US","potentialAction":[{"@type":"ReadAction","target":["https:\/\/moissonsudouest.org\/en\/organismes\/"]}]},{"@type":"BreadcrumbList","@id":"https:\/\/moissonsudouest.org\/en\/organismes\/#breadcrumb","itemListElement":[{"@type":"ListItem","position":1,"name":"Accueil","item":"https:\/\/moissonsudouest.org\/en\/"},{"@type":"ListItem","position":2,"name":"Organisms"}]},{"@type":"WebSite","@id":"https:\/\/moissonsudouest.org\/#website","url":"https:\/\/moissonsudouest.org\/","name":"Moisson Sud-Ouest","description":"","potentialAction":[{"@type":"SearchAction","target":{"@type":"EntryPoint","urlTemplate":"https:\/\/moissonsudouest.org\/?s={search_term_string}"},"query-input":{"@type":"PropertyValueSpecification","valueRequired":true,"valueName":"search_term_string"}}],"inLanguage":"en-US"}]}},"_links":{"self":[{"href":"https:\/\/moissonsudouest.org\/en\/wp-json\/wp\/v2\/pages\/30840","targetHints":{"allow":["GET"]}}],"collection":[{"href":"https:\/\/moissonsudouest.org\/en\/wp-json\/wp\/v2\/pages"}],"about":[{"href":"https:\/\/moissonsudouest.org\/en\/wp-json\/wp\/v2\/types\/page"}],"author":[{"embeddable":true,"href":"https:\/\/moissonsudouest.org\/en\/wp-json\/wp\/v2\/users\/1"}],"replies":[{"embeddable":true,"href":"https:\/\/moissonsudouest.org\/en\/wp-json\/wp\/v2\/comments?post=30840"}],"version-history":[{"count":1,"href":"https:\/\/moissonsudouest.org\/en\/wp-json\/wp\/v2\/pages\/30840\/revisions"}],"predecessor-version":[{"id":30842,"href":"https:\/\/moissonsudouest.org\/en\/wp-json\/wp\/v2\/pages\/30840\/revisions\/30842"}],"wp:attachment":[{"href":"https:\/\/moissonsudouest.org\/en\/wp-json\/wp\/v2\/media?parent=30840"}],"curies":[{"name":"wp","href":"https:\/\/api.w.org\/{rel}","templated":true}]}}